{"id":593,"date":"2020-05-14T15:53:45","date_gmt":"2020-05-14T13:53:45","guid":{"rendered":"http:\/\/afie-asso.fr\/?page_id=593"},"modified":"2021-11-10T15:51:02","modified_gmt":"2021-11-10T14:51:02","slug":"paroles-de-membres","status":"publish","type":"page","link":"https:\/\/afie-asso.fr\/index.php\/presentation-de-lafie\/paroles-de-membres\/","title":{"rendered":"Paroles de membres"},"content":{"rendered":"\n<p>Parce que ce sont&nbsp;nos adh\u00e9rents qui parlent encore le mieux de l&rsquo;AFIE et des \u00e9cologues &#8230;<\/p>\n\n\n\n<hr class=\"wp-block-separator\"\/>\n\n\n\n<p class=\"has-text-align-center\"><strong>T\u00e9moignage d&rsquo;adh\u00e9rents : <\/strong>Vincent Hulin, (ex)directeur de l&rsquo;expertise au MNHN<\/p>\n\n\n\n<figure class=\"wp-block-embed aligncenter is-type-video is-provider-youtube wp-block-embed-youtube wp-embed-aspect-16-9 wp-has-aspect-ratio\"><div class=\"wp-block-embed__wrapper\">\n<iframe loading=\"lazy\" title=\"T\u00e9moignages d&#039;adh\u00e9rents : Vincent Hulin, (ex)directeur de l&#039;expertise au MNHN.\" width=\"500\" height=\"281\" src=\"https:\/\/www.youtube.com\/embed\/RrJrKKyOt_o?feature=oembed\" frameborder=\"0\" allow=\"accelerometer; autoplay; clipboard-write; encrypted-media; gyroscope; picture-in-picture; web-share\" referrerpolicy=\"strict-origin-when-cross-origin\" allowfullscreen><\/iframe>\n<\/div><\/figure>\n\n\n\n<hr class=\"wp-block-separator\"\/>\n\n\n\n<p class=\"has-text-align-center\">I<strong>nterview <\/strong>pour Actu Environnement de Sylvain Moulh\u00e9rat, membre du collectif de direction de l&rsquo;AFIE, sur le m\u00e9tier d&rsquo;ing\u00e9nieur \u00e9cologue<\/p>\n\n\n\n<figure class=\"wp-block-embed aligncenter is-type-video is-provider-youtube wp-block-embed-youtube wp-embed-aspect-16-9 wp-has-aspect-ratio\"><div class=\"wp-block-embed__wrapper\">\n<iframe loading=\"lazy\" title=\"D\u00e9couverte du m\u00e9tier d&#039;ing\u00e9nieur \u00e9cologue\" width=\"500\" height=\"281\" src=\"https:\/\/www.youtube.com\/embed\/yXa75PY_Bzc?feature=oembed\" frameborder=\"0\" allow=\"accelerometer; autoplay; clipboard-write; encrypted-media; gyroscope; picture-in-picture; web-share\" referrerpolicy=\"strict-origin-when-cross-origin\" allowfullscreen><\/iframe>\n<\/div><\/figure>\n","protected":false},"excerpt":{"rendered":"<p>Parce que ce sont&nbsp;nos adh\u00e9rents qui parlent encore le mieux de l&rsquo;AFIE et des \u00e9cologues &#8230; T\u00e9moignage d&rsquo;adh\u00e9rents : Vincent Hulin, (ex)directeur de l&rsquo;expertise au MNHN Interview pour Actu Environnement de Sylvain Moulh\u00e9rat, membre du collectif de direction de l&rsquo;AFIE, sur le m\u00e9tier d&rsquo;ing\u00e9nieur \u00e9cologue<\/p>\n","protected":false},"author":1,"featured_media":0,"parent":23,"menu_order":6,"comment_status":"closed","ping_status":"closed","template":"","meta":{"footnotes":""},"class_list":["post-593","page","type-page","status-publish","hentry"],"yoast_head":"<!-- This site is optimized with the Yoast SEO plugin v27.4 - https:\/\/yoast.com\/product\/yoast-seo-wordpress\/ -->\n<title>Paroles de membres - AFIE<\/title>\n<meta name=\"robots\" content=\"index, follow, max-snippet:-1, max-image-preview:large, max-video-preview:-1\" \/>\n<link rel=\"canonical\" href=\"https:\/\/afie-asso.fr\/index.php\/presentation-de-lafie\/paroles-de-membres\/\" \/>\n<meta property=\"og:locale\" content=\"fr_FR\" \/>\n<meta property=\"og:type\" content=\"article\" \/>\n<meta property=\"og:title\" content=\"Paroles de membres - AFIE\" \/>\n<meta property=\"og:description\" content=\"Parce que ce sont&nbsp;nos adh\u00e9rents qui parlent encore le mieux de l&rsquo;AFIE et des \u00e9cologues &#8230; T\u00e9moignage d&rsquo;adh\u00e9rents : Vincent Hulin, (ex)directeur de l&rsquo;expertise au MNHN Interview pour Actu Environnement de Sylvain Moulh\u00e9rat, membre du collectif de direction de l&rsquo;AFIE, sur le m\u00e9tier d&rsquo;ing\u00e9nieur \u00e9cologue\" \/>\n<meta property=\"og:url\" content=\"https:\/\/afie-asso.fr\/index.php\/presentation-de-lafie\/paroles-de-membres\/\" \/>\n<meta property=\"og:site_name\" content=\"AFIE\" \/>\n<meta property=\"article:modified_time\" content=\"2021-11-10T14:51:02+00:00\" \/>\n<meta name=\"twitter:card\" content=\"summary_large_image\" \/>\n<meta name=\"twitter:label1\" content=\"Dur\u00e9e de lecture estim\u00e9e\" \/>\n\t<meta name=\"twitter:data1\" content=\"1 minute\" \/>\n<script type=\"application\/ld+json\" class=\"yoast-schema-graph\">{\"@context\":\"https:\\\/\\\/schema.org\",\"@graph\":[{\"@type\":\"WebPage\",\"@id\":\"https:\\\/\\\/afie-asso.fr\\\/index.php\\\/presentation-de-lafie\\\/paroles-de-membres\\\/\",\"url\":\"https:\\\/\\\/afie-asso.fr\\\/index.php\\\/presentation-de-lafie\\\/paroles-de-membres\\\/\",\"name\":\"Paroles de membres - AFIE\",\"isPartOf\":{\"@id\":\"https:\\\/\\\/afie-asso.fr\\\/#website\"},\"datePublished\":\"2020-05-14T13:53:45+00:00\",\"dateModified\":\"2021-11-10T14:51:02+00:00\",\"breadcrumb\":{\"@id\":\"https:\\\/\\\/afie-asso.fr\\\/index.php\\\/presentation-de-lafie\\\/paroles-de-membres\\\/#breadcrumb\"},\"inLanguage\":\"fr-FR\",\"potentialAction\":[{\"@type\":\"ReadAction\",\"target\":[\"https:\\\/\\\/afie-asso.fr\\\/index.php\\\/presentation-de-lafie\\\/paroles-de-membres\\\/\"]}]},{\"@type\":\"BreadcrumbList\",\"@id\":\"https:\\\/\\\/afie-asso.fr\\\/index.php\\\/presentation-de-lafie\\\/paroles-de-membres\\\/#breadcrumb\",\"itemListElement\":[{\"@type\":\"ListItem\",\"position\":1,\"name\":\"Accueil\",\"item\":\"https:\\\/\\\/afie-asso.fr\\\/\"},{\"@type\":\"ListItem\",\"position\":2,\"name\":\"Pr\u00e9sentation de l&rsquo;AFIE\",\"item\":\"https:\\\/\\\/afie-asso.fr\\\/index.php\\\/presentation-de-lafie\\\/\"},{\"@type\":\"ListItem\",\"position\":3,\"name\":\"Paroles de membres\"}]},{\"@type\":\"WebSite\",\"@id\":\"https:\\\/\\\/afie-asso.fr\\\/#website\",\"url\":\"https:\\\/\\\/afie-asso.fr\\\/\",\"name\":\"AFIE\",\"description\":\"Association Fran\u00e7aise Interprofessionnelle des Ecologues\",\"publisher\":{\"@id\":\"https:\\\/\\\/afie-asso.fr\\\/#organization\"},\"potentialAction\":[{\"@type\":\"SearchAction\",\"target\":{\"@type\":\"EntryPoint\",\"urlTemplate\":\"https:\\\/\\\/afie-asso.fr\\\/?s={search_term_string}\"},\"query-input\":{\"@type\":\"PropertyValueSpecification\",\"valueRequired\":true,\"valueName\":\"search_term_string\"}}],\"inLanguage\":\"fr-FR\"},{\"@type\":\"Organization\",\"@id\":\"https:\\\/\\\/afie-asso.fr\\\/#organization\",\"name\":\"AFIE\",\"url\":\"https:\\\/\\\/afie-asso.fr\\\/\",\"logo\":{\"@type\":\"ImageObject\",\"inLanguage\":\"fr-FR\",\"@id\":\"https:\\\/\\\/afie-asso.fr\\\/#\\\/schema\\\/logo\\\/image\\\/\",\"url\":\"https:\\\/\\\/afie-asso.fr\\\/wp-content\\\/uploads\\\/2019\\\/05\\\/cropped-logo-AFIE-3.png\",\"contentUrl\":\"https:\\\/\\\/afie-asso.fr\\\/wp-content\\\/uploads\\\/2019\\\/05\\\/cropped-logo-AFIE-3.png\",\"width\":555,\"height\":459,\"caption\":\"AFIE\"},\"image\":{\"@id\":\"https:\\\/\\\/afie-asso.fr\\\/#\\\/schema\\\/logo\\\/image\\\/\"}}]}<\/script>\n<!-- \/ Yoast SEO plugin. -->","yoast_head_json":{"title":"Paroles de membres - AFIE","robots":{"index":"index","follow":"follow","max-snippet":"max-snippet:-1","max-image-preview":"max-image-preview:large","max-video-preview":"max-video-preview:-1"},"canonical":"https:\/\/afie-asso.fr\/index.php\/presentation-de-lafie\/paroles-de-membres\/","og_locale":"fr_FR","og_type":"article","og_title":"Paroles de membres - AFIE","og_description":"Parce que ce sont&nbsp;nos adh\u00e9rents qui parlent encore le mieux de l&rsquo;AFIE et des \u00e9cologues &#8230; T\u00e9moignage d&rsquo;adh\u00e9rents : Vincent Hulin, (ex)directeur de l&rsquo;expertise au MNHN Interview pour Actu Environnement de Sylvain Moulh\u00e9rat, membre du collectif de direction de l&rsquo;AFIE, sur le m\u00e9tier d&rsquo;ing\u00e9nieur \u00e9cologue","og_url":"https:\/\/afie-asso.fr\/index.php\/presentation-de-lafie\/paroles-de-membres\/","og_site_name":"AFIE","article_modified_time":"2021-11-10T14:51:02+00:00","twitter_card":"summary_large_image","twitter_misc":{"Dur\u00e9e de lecture estim\u00e9e":"1 minute"},"schema":{"@context":"https:\/\/schema.org","@graph":[{"@type":"WebPage","@id":"https:\/\/afie-asso.fr\/index.php\/presentation-de-lafie\/paroles-de-membres\/","url":"https:\/\/afie-asso.fr\/index.php\/presentation-de-lafie\/paroles-de-membres\/","name":"Paroles de membres - AFIE","isPartOf":{"@id":"https:\/\/afie-asso.fr\/#website"},"datePublished":"2020-05-14T13:53:45+00:00","dateModified":"2021-11-10T14:51:02+00:00","breadcrumb":{"@id":"https:\/\/afie-asso.fr\/index.php\/presentation-de-lafie\/paroles-de-membres\/#breadcrumb"},"inLanguage":"fr-FR","potentialAction":[{"@type":"ReadAction","target":["https:\/\/afie-asso.fr\/index.php\/presentation-de-lafie\/paroles-de-membres\/"]}]},{"@type":"BreadcrumbList","@id":"https:\/\/afie-asso.fr\/index.php\/presentation-de-lafie\/paroles-de-membres\/#breadcrumb","itemListElement":[{"@type":"ListItem","position":1,"name":"Accueil","item":"https:\/\/afie-asso.fr\/"},{"@type":"ListItem","position":2,"name":"Pr\u00e9sentation de l&rsquo;AFIE","item":"https:\/\/afie-asso.fr\/index.php\/presentation-de-lafie\/"},{"@type":"ListItem","position":3,"name":"Paroles de membres"}]},{"@type":"WebSite","@id":"https:\/\/afie-asso.fr\/#website","url":"https:\/\/afie-asso.fr\/","name":"AFIE","description":"Association Fran\u00e7aise Interprofessionnelle des Ecologues","publisher":{"@id":"https:\/\/afie-asso.fr\/#organization"},"potentialAction":[{"@type":"SearchAction","target":{"@type":"EntryPoint","urlTemplate":"https:\/\/afie-asso.fr\/?s={search_term_string}"},"query-input":{"@type":"PropertyValueSpecification","valueRequired":true,"valueName":"search_term_string"}}],"inLanguage":"fr-FR"},{"@type":"Organization","@id":"https:\/\/afie-asso.fr\/#organization","name":"AFIE","url":"https:\/\/afie-asso.fr\/","logo":{"@type":"ImageObject","inLanguage":"fr-FR","@id":"https:\/\/afie-asso.fr\/#\/schema\/logo\/image\/","url":"https:\/\/afie-asso.fr\/wp-content\/uploads\/2019\/05\/cropped-logo-AFIE-3.png","contentUrl":"https:\/\/afie-asso.fr\/wp-content\/uploads\/2019\/05\/cropped-logo-AFIE-3.png","width":555,"height":459,"caption":"AFIE"},"image":{"@id":"https:\/\/afie-asso.fr\/#\/schema\/logo\/image\/"}}]}},"rttpg_featured_image_url":null,"rttpg_author":{"display_name":"M\u00e9lanie","author_link":"https:\/\/afie-asso.fr\/index.php\/author\/admin6654\/"},"rttpg_comment":0,"rttpg_category":null,"rttpg_excerpt":"Parce que ce sont&nbsp;nos adh\u00e9rents qui parlent encore le mieux de l&rsquo;AFIE et des \u00e9cologues &#8230; T\u00e9moignage d&rsquo;adh\u00e9rents : Vincent Hulin, (ex)directeur de l&rsquo;expertise au MNHN Interview pour Actu Environnement de Sylvain Moulh\u00e9rat, membre du collectif de direction de l&rsquo;AFIE, sur le m\u00e9tier d&rsquo;ing\u00e9nieur \u00e9cologue","_links":{"self":[{"href":"https:\/\/afie-asso.fr\/index.php\/wp-json\/wp\/v2\/pages\/593","targetHints":{"allow":["GET"]}}],"collection":[{"href":"https:\/\/afie-asso.fr\/index.php\/wp-json\/wp\/v2\/pages"}],"about":[{"href":"https:\/\/afie-asso.fr\/index.php\/wp-json\/wp\/v2\/types\/page"}],"author":[{"embeddable":true,"href":"https:\/\/afie-asso.fr\/index.php\/wp-json\/wp\/v2\/users\/1"}],"replies":[{"embeddable":true,"href":"https:\/\/afie-asso.fr\/index.php\/wp-json\/wp\/v2\/comments?post=593"}],"version-history":[{"count":8,"href":"https:\/\/afie-asso.fr\/index.php\/wp-json\/wp\/v2\/pages\/593\/revisions"}],"predecessor-version":[{"id":1274,"href":"https:\/\/afie-asso.fr\/index.php\/wp-json\/wp\/v2\/pages\/593\/revisions\/1274"}],"up":[{"embeddable":true,"href":"https:\/\/afie-asso.fr\/index.php\/wp-json\/wp\/v2\/pages\/23"}],"wp:attachment":[{"href":"https:\/\/afie-asso.fr\/index.php\/wp-json\/wp\/v2\/media?parent=593"}],"curies":[{"name":"wp","href":"https:\/\/api.w.org\/{rel}","templated":true}]}}