{"id":54,"date":"2019-05-07T16:26:17","date_gmt":"2019-05-07T14:26:17","guid":{"rendered":"http:\/\/afie-asso.fr\/?page_id=54"},"modified":"2026-01-12T16:48:44","modified_gmt":"2026-01-12T15:48:44","slug":"re-adhesion","status":"publish","type":"page","link":"https:\/\/afie-asso.fr\/index.php\/adherer-a-lafie\/re-adhesion\/","title":{"rendered":"R\u00e9-adh\u00e9sion"},"content":{"rendered":"\n<h4 class=\"wp-block-heading\">Pour r\u00e9-adh\u00e9rer :<\/h4>\n\n\n\n<p>1. Regardez \u00e0 <a aria-label=\"quel montant de cotisation  (s\u2019ouvre dans un nouvel onglet)\" rel=\"noreferrer noopener\" href=\"https:\/\/afie-asso.fr\/index.php\/adherer-a-lafie\/tarifs-des-cotisations\/\" target=\"_blank\">quel montant de cotisation <\/a>correspond votre salaire net annuel<\/p>\n\n\n\n<p>2. Effectuez un paiement en ligne s\u00e9curis\u00e9 via la plateforme <a href=\"https:\/\/www.helloasso.com\/associations\/association-francaise-interprofessionnelle-des-ecologues\/adhesions\/adhesions-afie-2026\" target=\"_blank\" rel=\"noreferrer noopener\">HelloAsso<\/a> (navigateurs web Firefox ou Chrome recommand\u00e9s)<\/p>\n\n\n\n<p><\/p>\n","protected":false},"excerpt":{"rendered":"<p>Pour r\u00e9-adh\u00e9rer : 1. Regardez \u00e0 quel montant de cotisation correspond votre salaire net annuel 2. Effectuez un paiement en ligne s\u00e9curis\u00e9 via la plateforme HelloAsso (navigateurs web Firefox ou Chrome recommand\u00e9s)<\/p>\n","protected":false},"author":1,"featured_media":0,"parent":48,"menu_order":3,"comment_status":"closed","ping_status":"closed","template":"","meta":{"footnotes":""},"class_list":["post-54","page","type-page","status-publish","hentry"],"yoast_head":"<!-- This site is optimized with the Yoast SEO plugin v27.3 - https:\/\/yoast.com\/product\/yoast-seo-wordpress\/ -->\n<title>R\u00e9-adh\u00e9sion - AFIE<\/title>\n<meta name=\"robots\" content=\"index, follow, max-snippet:-1, max-image-preview:large, max-video-preview:-1\" \/>\n<link rel=\"canonical\" href=\"https:\/\/afie-asso.fr\/index.php\/adherer-a-lafie\/re-adhesion\/\" \/>\n<meta property=\"og:locale\" content=\"fr_FR\" \/>\n<meta property=\"og:type\" content=\"article\" \/>\n<meta property=\"og:title\" content=\"R\u00e9-adh\u00e9sion - AFIE\" \/>\n<meta property=\"og:description\" content=\"Pour r\u00e9-adh\u00e9rer : 1. Regardez \u00e0 quel montant de cotisation correspond votre salaire net annuel 2. Effectuez un paiement en ligne s\u00e9curis\u00e9 via la plateforme HelloAsso (navigateurs web Firefox ou Chrome recommand\u00e9s)\" \/>\n<meta property=\"og:url\" content=\"https:\/\/afie-asso.fr\/index.php\/adherer-a-lafie\/re-adhesion\/\" \/>\n<meta property=\"og:site_name\" content=\"AFIE\" \/>\n<meta property=\"article:modified_time\" content=\"2026-01-12T15:48:44+00:00\" \/>\n<meta name=\"twitter:card\" content=\"summary_large_image\" \/>\n<meta name=\"twitter:label1\" content=\"Dur\u00e9e de lecture estim\u00e9e\" \/>\n\t<meta name=\"twitter:data1\" content=\"1 minute\" \/>\n<script type=\"application\/ld+json\" class=\"yoast-schema-graph\">{\"@context\":\"https:\\\/\\\/schema.org\",\"@graph\":[{\"@type\":\"WebPage\",\"@id\":\"https:\\\/\\\/afie-asso.fr\\\/index.php\\\/adherer-a-lafie\\\/re-adhesion\\\/\",\"url\":\"https:\\\/\\\/afie-asso.fr\\\/index.php\\\/adherer-a-lafie\\\/re-adhesion\\\/\",\"name\":\"R\u00e9-adh\u00e9sion - AFIE\",\"isPartOf\":{\"@id\":\"https:\\\/\\\/afie-asso.fr\\\/#website\"},\"datePublished\":\"2019-05-07T14:26:17+00:00\",\"dateModified\":\"2026-01-12T15:48:44+00:00\",\"breadcrumb\":{\"@id\":\"https:\\\/\\\/afie-asso.fr\\\/index.php\\\/adherer-a-lafie\\\/re-adhesion\\\/#breadcrumb\"},\"inLanguage\":\"fr-FR\",\"potentialAction\":[{\"@type\":\"ReadAction\",\"target\":[\"https:\\\/\\\/afie-asso.fr\\\/index.php\\\/adherer-a-lafie\\\/re-adhesion\\\/\"]}]},{\"@type\":\"BreadcrumbList\",\"@id\":\"https:\\\/\\\/afie-asso.fr\\\/index.php\\\/adherer-a-lafie\\\/re-adhesion\\\/#breadcrumb\",\"itemListElement\":[{\"@type\":\"ListItem\",\"position\":1,\"name\":\"Accueil\",\"item\":\"https:\\\/\\\/afie-asso.fr\\\/\"},{\"@type\":\"ListItem\",\"position\":2,\"name\":\"Adh\u00e9rer \u00e0 l&rsquo;AFIE\",\"item\":\"https:\\\/\\\/afie-asso.fr\\\/index.php\\\/adherer-a-lafie\\\/\"},{\"@type\":\"ListItem\",\"position\":3,\"name\":\"R\u00e9-adh\u00e9sion\"}]},{\"@type\":\"WebSite\",\"@id\":\"https:\\\/\\\/afie-asso.fr\\\/#website\",\"url\":\"https:\\\/\\\/afie-asso.fr\\\/\",\"name\":\"AFIE\",\"description\":\"Association Fran\u00e7aise Interprofessionnelle des Ecologues\",\"publisher\":{\"@id\":\"https:\\\/\\\/afie-asso.fr\\\/#organization\"},\"potentialAction\":[{\"@type\":\"SearchAction\",\"target\":{\"@type\":\"EntryPoint\",\"urlTemplate\":\"https:\\\/\\\/afie-asso.fr\\\/?s={search_term_string}\"},\"query-input\":{\"@type\":\"PropertyValueSpecification\",\"valueRequired\":true,\"valueName\":\"search_term_string\"}}],\"inLanguage\":\"fr-FR\"},{\"@type\":\"Organization\",\"@id\":\"https:\\\/\\\/afie-asso.fr\\\/#organization\",\"name\":\"AFIE\",\"url\":\"https:\\\/\\\/afie-asso.fr\\\/\",\"logo\":{\"@type\":\"ImageObject\",\"inLanguage\":\"fr-FR\",\"@id\":\"https:\\\/\\\/afie-asso.fr\\\/#\\\/schema\\\/logo\\\/image\\\/\",\"url\":\"https:\\\/\\\/afie-asso.fr\\\/wp-content\\\/uploads\\\/2019\\\/05\\\/cropped-logo-AFIE-3.png\",\"contentUrl\":\"https:\\\/\\\/afie-asso.fr\\\/wp-content\\\/uploads\\\/2019\\\/05\\\/cropped-logo-AFIE-3.png\",\"width\":555,\"height\":459,\"caption\":\"AFIE\"},\"image\":{\"@id\":\"https:\\\/\\\/afie-asso.fr\\\/#\\\/schema\\\/logo\\\/image\\\/\"}}]}<\/script>\n<!-- \/ Yoast SEO plugin. -->","yoast_head_json":{"title":"R\u00e9-adh\u00e9sion - AFIE","robots":{"index":"index","follow":"follow","max-snippet":"max-snippet:-1","max-image-preview":"max-image-preview:large","max-video-preview":"max-video-preview:-1"},"canonical":"https:\/\/afie-asso.fr\/index.php\/adherer-a-lafie\/re-adhesion\/","og_locale":"fr_FR","og_type":"article","og_title":"R\u00e9-adh\u00e9sion - AFIE","og_description":"Pour r\u00e9-adh\u00e9rer : 1. Regardez \u00e0 quel montant de cotisation correspond votre salaire net annuel 2. Effectuez un paiement en ligne s\u00e9curis\u00e9 via la plateforme HelloAsso (navigateurs web Firefox ou Chrome recommand\u00e9s)","og_url":"https:\/\/afie-asso.fr\/index.php\/adherer-a-lafie\/re-adhesion\/","og_site_name":"AFIE","article_modified_time":"2026-01-12T15:48:44+00:00","twitter_card":"summary_large_image","twitter_misc":{"Dur\u00e9e de lecture estim\u00e9e":"1 minute"},"schema":{"@context":"https:\/\/schema.org","@graph":[{"@type":"WebPage","@id":"https:\/\/afie-asso.fr\/index.php\/adherer-a-lafie\/re-adhesion\/","url":"https:\/\/afie-asso.fr\/index.php\/adherer-a-lafie\/re-adhesion\/","name":"R\u00e9-adh\u00e9sion - AFIE","isPartOf":{"@id":"https:\/\/afie-asso.fr\/#website"},"datePublished":"2019-05-07T14:26:17+00:00","dateModified":"2026-01-12T15:48:44+00:00","breadcrumb":{"@id":"https:\/\/afie-asso.fr\/index.php\/adherer-a-lafie\/re-adhesion\/#breadcrumb"},"inLanguage":"fr-FR","potentialAction":[{"@type":"ReadAction","target":["https:\/\/afie-asso.fr\/index.php\/adherer-a-lafie\/re-adhesion\/"]}]},{"@type":"BreadcrumbList","@id":"https:\/\/afie-asso.fr\/index.php\/adherer-a-lafie\/re-adhesion\/#breadcrumb","itemListElement":[{"@type":"ListItem","position":1,"name":"Accueil","item":"https:\/\/afie-asso.fr\/"},{"@type":"ListItem","position":2,"name":"Adh\u00e9rer \u00e0 l&rsquo;AFIE","item":"https:\/\/afie-asso.fr\/index.php\/adherer-a-lafie\/"},{"@type":"ListItem","position":3,"name":"R\u00e9-adh\u00e9sion"}]},{"@type":"WebSite","@id":"https:\/\/afie-asso.fr\/#website","url":"https:\/\/afie-asso.fr\/","name":"AFIE","description":"Association Fran\u00e7aise Interprofessionnelle des Ecologues","publisher":{"@id":"https:\/\/afie-asso.fr\/#organization"},"potentialAction":[{"@type":"SearchAction","target":{"@type":"EntryPoint","urlTemplate":"https:\/\/afie-asso.fr\/?s={search_term_string}"},"query-input":{"@type":"PropertyValueSpecification","valueRequired":true,"valueName":"search_term_string"}}],"inLanguage":"fr-FR"},{"@type":"Organization","@id":"https:\/\/afie-asso.fr\/#organization","name":"AFIE","url":"https:\/\/afie-asso.fr\/","logo":{"@type":"ImageObject","inLanguage":"fr-FR","@id":"https:\/\/afie-asso.fr\/#\/schema\/logo\/image\/","url":"https:\/\/afie-asso.fr\/wp-content\/uploads\/2019\/05\/cropped-logo-AFIE-3.png","contentUrl":"https:\/\/afie-asso.fr\/wp-content\/uploads\/2019\/05\/cropped-logo-AFIE-3.png","width":555,"height":459,"caption":"AFIE"},"image":{"@id":"https:\/\/afie-asso.fr\/#\/schema\/logo\/image\/"}}]}},"rttpg_featured_image_url":null,"rttpg_author":{"display_name":"M\u00e9lanie","author_link":"https:\/\/afie-asso.fr\/index.php\/author\/admin6654\/"},"rttpg_comment":0,"rttpg_category":null,"rttpg_excerpt":"Pour r\u00e9-adh\u00e9rer : 1. Regardez \u00e0 quel montant de cotisation correspond votre salaire net annuel 2. Effectuez un paiement en ligne s\u00e9curis\u00e9 via la plateforme HelloAsso (navigateurs web Firefox ou Chrome recommand\u00e9s)","_links":{"self":[{"href":"https:\/\/afie-asso.fr\/index.php\/wp-json\/wp\/v2\/pages\/54","targetHints":{"allow":["GET"]}}],"collection":[{"href":"https:\/\/afie-asso.fr\/index.php\/wp-json\/wp\/v2\/pages"}],"about":[{"href":"https:\/\/afie-asso.fr\/index.php\/wp-json\/wp\/v2\/types\/page"}],"author":[{"embeddable":true,"href":"https:\/\/afie-asso.fr\/index.php\/wp-json\/wp\/v2\/users\/1"}],"replies":[{"embeddable":true,"href":"https:\/\/afie-asso.fr\/index.php\/wp-json\/wp\/v2\/comments?post=54"}],"version-history":[{"count":11,"href":"https:\/\/afie-asso.fr\/index.php\/wp-json\/wp\/v2\/pages\/54\/revisions"}],"predecessor-version":[{"id":1544,"href":"https:\/\/afie-asso.fr\/index.php\/wp-json\/wp\/v2\/pages\/54\/revisions\/1544"}],"up":[{"embeddable":true,"href":"https:\/\/afie-asso.fr\/index.php\/wp-json\/wp\/v2\/pages\/48"}],"wp:attachment":[{"href":"https:\/\/afie-asso.fr\/index.php\/wp-json\/wp\/v2\/media?parent=54"}],"curies":[{"name":"wp","href":"https:\/\/api.w.org\/{rel}","templated":true}]}}