{"id":48,"date":"2019-05-07T16:24:46","date_gmt":"2019-05-07T14:24:46","guid":{"rendered":"http:\/\/afie-asso.fr\/?page_id=48"},"modified":"2025-10-10T12:40:50","modified_gmt":"2025-10-10T10:40:50","slug":"adherer-a-lafie","status":"publish","type":"page","link":"https:\/\/afie-asso.fr\/index.php\/adherer-a-lafie\/","title":{"rendered":"Adh\u00e9rer \u00e0 l&rsquo;AFIE"},"content":{"rendered":"\n<p><a href=\"https:\/\/afie-asso.fr\/index.php\/adherer-a-lafie\/pourquoi-adherer\/\">Pourquoi adh\u00e9rer<\/a><\/p>\n\n\n\n<p><a href=\"https:\/\/afie-asso.fr\/index.php\/adherer-a-lafie\/adhesion\/\">Adh\u00e9sion<\/a><\/p>\n\n\n\n<p><a href=\"https:\/\/afie-asso.fr\/index.php\/adherer-a-lafie\/re-adhesion\/\">R\u00e9-adh\u00e9sion<\/a><\/p>\n\n\n\n<p><a href=\"https:\/\/afie-asso.fr\/index.php\/adherer-a-lafie\/tarifs-des-cotisations\/\">Tarifs des cotisations <\/a><\/p>\n","protected":false},"excerpt":{"rendered":"<p>Pourquoi adh\u00e9rer Adh\u00e9sion R\u00e9-adh\u00e9sion Tarifs des cotisations<\/p>\n","protected":false},"author":1,"featured_media":0,"parent":0,"menu_order":5,"comment_status":"closed","ping_status":"closed","template":"","meta":{"footnotes":""},"class_list":["post-48","page","type-page","status-publish","hentry"],"yoast_head":"<!-- This site is optimized with the Yoast SEO plugin v27.3 - https:\/\/yoast.com\/product\/yoast-seo-wordpress\/ -->\n<title>Adh\u00e9rer \u00e0 l&#039;AFIE - AFIE<\/title>\n<meta name=\"robots\" content=\"index, follow, max-snippet:-1, max-image-preview:large, max-video-preview:-1\" \/>\n<link rel=\"canonical\" href=\"https:\/\/afie-asso.fr\/index.php\/adherer-a-lafie\/\" \/>\n<meta property=\"og:locale\" content=\"fr_FR\" \/>\n<meta property=\"og:type\" content=\"article\" \/>\n<meta property=\"og:title\" content=\"Adh\u00e9rer \u00e0 l&#039;AFIE - AFIE\" \/>\n<meta property=\"og:description\" content=\"Pourquoi adh\u00e9rer Adh\u00e9sion R\u00e9-adh\u00e9sion Tarifs des cotisations\" \/>\n<meta property=\"og:url\" content=\"https:\/\/afie-asso.fr\/index.php\/adherer-a-lafie\/\" \/>\n<meta property=\"og:site_name\" content=\"AFIE\" \/>\n<meta property=\"article:modified_time\" content=\"2025-10-10T10:40:50+00:00\" \/>\n<meta name=\"twitter:card\" content=\"summary_large_image\" \/>\n<script type=\"application\/ld+json\" class=\"yoast-schema-graph\">{\"@context\":\"https:\\\/\\\/schema.org\",\"@graph\":[{\"@type\":\"WebPage\",\"@id\":\"https:\\\/\\\/afie-asso.fr\\\/index.php\\\/adherer-a-lafie\\\/\",\"url\":\"https:\\\/\\\/afie-asso.fr\\\/index.php\\\/adherer-a-lafie\\\/\",\"name\":\"Adh\u00e9rer \u00e0 l'AFIE - AFIE\",\"isPartOf\":{\"@id\":\"https:\\\/\\\/afie-asso.fr\\\/#website\"},\"datePublished\":\"2019-05-07T14:24:46+00:00\",\"dateModified\":\"2025-10-10T10:40:50+00:00\",\"breadcrumb\":{\"@id\":\"https:\\\/\\\/afie-asso.fr\\\/index.php\\\/adherer-a-lafie\\\/#breadcrumb\"},\"inLanguage\":\"fr-FR\",\"potentialAction\":[{\"@type\":\"ReadAction\",\"target\":[\"https:\\\/\\\/afie-asso.fr\\\/index.php\\\/adherer-a-lafie\\\/\"]}]},{\"@type\":\"BreadcrumbList\",\"@id\":\"https:\\\/\\\/afie-asso.fr\\\/index.php\\\/adherer-a-lafie\\\/#breadcrumb\",\"itemListElement\":[{\"@type\":\"ListItem\",\"position\":1,\"name\":\"Accueil\",\"item\":\"https:\\\/\\\/afie-asso.fr\\\/\"},{\"@type\":\"ListItem\",\"position\":2,\"name\":\"Adh\u00e9rer \u00e0 l&rsquo;AFIE\"}]},{\"@type\":\"WebSite\",\"@id\":\"https:\\\/\\\/afie-asso.fr\\\/#website\",\"url\":\"https:\\\/\\\/afie-asso.fr\\\/\",\"name\":\"AFIE\",\"description\":\"Association Fran\u00e7aise Interprofessionnelle des Ecologues\",\"publisher\":{\"@id\":\"https:\\\/\\\/afie-asso.fr\\\/#organization\"},\"potentialAction\":[{\"@type\":\"SearchAction\",\"target\":{\"@type\":\"EntryPoint\",\"urlTemplate\":\"https:\\\/\\\/afie-asso.fr\\\/?s={search_term_string}\"},\"query-input\":{\"@type\":\"PropertyValueSpecification\",\"valueRequired\":true,\"valueName\":\"search_term_string\"}}],\"inLanguage\":\"fr-FR\"},{\"@type\":\"Organization\",\"@id\":\"https:\\\/\\\/afie-asso.fr\\\/#organization\",\"name\":\"AFIE\",\"url\":\"https:\\\/\\\/afie-asso.fr\\\/\",\"logo\":{\"@type\":\"ImageObject\",\"inLanguage\":\"fr-FR\",\"@id\":\"https:\\\/\\\/afie-asso.fr\\\/#\\\/schema\\\/logo\\\/image\\\/\",\"url\":\"https:\\\/\\\/afie-asso.fr\\\/wp-content\\\/uploads\\\/2019\\\/05\\\/cropped-logo-AFIE-3.png\",\"contentUrl\":\"https:\\\/\\\/afie-asso.fr\\\/wp-content\\\/uploads\\\/2019\\\/05\\\/cropped-logo-AFIE-3.png\",\"width\":555,\"height\":459,\"caption\":\"AFIE\"},\"image\":{\"@id\":\"https:\\\/\\\/afie-asso.fr\\\/#\\\/schema\\\/logo\\\/image\\\/\"}}]}<\/script>\n<!-- \/ Yoast SEO plugin. -->","yoast_head_json":{"title":"Adh\u00e9rer \u00e0 l'AFIE - AFIE","robots":{"index":"index","follow":"follow","max-snippet":"max-snippet:-1","max-image-preview":"max-image-preview:large","max-video-preview":"max-video-preview:-1"},"canonical":"https:\/\/afie-asso.fr\/index.php\/adherer-a-lafie\/","og_locale":"fr_FR","og_type":"article","og_title":"Adh\u00e9rer \u00e0 l'AFIE - AFIE","og_description":"Pourquoi adh\u00e9rer Adh\u00e9sion R\u00e9-adh\u00e9sion Tarifs des cotisations","og_url":"https:\/\/afie-asso.fr\/index.php\/adherer-a-lafie\/","og_site_name":"AFIE","article_modified_time":"2025-10-10T10:40:50+00:00","twitter_card":"summary_large_image","schema":{"@context":"https:\/\/schema.org","@graph":[{"@type":"WebPage","@id":"https:\/\/afie-asso.fr\/index.php\/adherer-a-lafie\/","url":"https:\/\/afie-asso.fr\/index.php\/adherer-a-lafie\/","name":"Adh\u00e9rer \u00e0 l'AFIE - AFIE","isPartOf":{"@id":"https:\/\/afie-asso.fr\/#website"},"datePublished":"2019-05-07T14:24:46+00:00","dateModified":"2025-10-10T10:40:50+00:00","breadcrumb":{"@id":"https:\/\/afie-asso.fr\/index.php\/adherer-a-lafie\/#breadcrumb"},"inLanguage":"fr-FR","potentialAction":[{"@type":"ReadAction","target":["https:\/\/afie-asso.fr\/index.php\/adherer-a-lafie\/"]}]},{"@type":"BreadcrumbList","@id":"https:\/\/afie-asso.fr\/index.php\/adherer-a-lafie\/#breadcrumb","itemListElement":[{"@type":"ListItem","position":1,"name":"Accueil","item":"https:\/\/afie-asso.fr\/"},{"@type":"ListItem","position":2,"name":"Adh\u00e9rer \u00e0 l&rsquo;AFIE"}]},{"@type":"WebSite","@id":"https:\/\/afie-asso.fr\/#website","url":"https:\/\/afie-asso.fr\/","name":"AFIE","description":"Association Fran\u00e7aise Interprofessionnelle des Ecologues","publisher":{"@id":"https:\/\/afie-asso.fr\/#organization"},"potentialAction":[{"@type":"SearchAction","target":{"@type":"EntryPoint","urlTemplate":"https:\/\/afie-asso.fr\/?s={search_term_string}"},"query-input":{"@type":"PropertyValueSpecification","valueRequired":true,"valueName":"search_term_string"}}],"inLanguage":"fr-FR"},{"@type":"Organization","@id":"https:\/\/afie-asso.fr\/#organization","name":"AFIE","url":"https:\/\/afie-asso.fr\/","logo":{"@type":"ImageObject","inLanguage":"fr-FR","@id":"https:\/\/afie-asso.fr\/#\/schema\/logo\/image\/","url":"https:\/\/afie-asso.fr\/wp-content\/uploads\/2019\/05\/cropped-logo-AFIE-3.png","contentUrl":"https:\/\/afie-asso.fr\/wp-content\/uploads\/2019\/05\/cropped-logo-AFIE-3.png","width":555,"height":459,"caption":"AFIE"},"image":{"@id":"https:\/\/afie-asso.fr\/#\/schema\/logo\/image\/"}}]}},"rttpg_featured_image_url":null,"rttpg_author":{"display_name":"M\u00e9lanie","author_link":"https:\/\/afie-asso.fr\/index.php\/author\/admin6654\/"},"rttpg_comment":0,"rttpg_category":null,"rttpg_excerpt":"Pourquoi adh\u00e9rer Adh\u00e9sion R\u00e9-adh\u00e9sion Tarifs des cotisations","_links":{"self":[{"href":"https:\/\/afie-asso.fr\/index.php\/wp-json\/wp\/v2\/pages\/48","targetHints":{"allow":["GET"]}}],"collection":[{"href":"https:\/\/afie-asso.fr\/index.php\/wp-json\/wp\/v2\/pages"}],"about":[{"href":"https:\/\/afie-asso.fr\/index.php\/wp-json\/wp\/v2\/types\/page"}],"author":[{"embeddable":true,"href":"https:\/\/afie-asso.fr\/index.php\/wp-json\/wp\/v2\/users\/1"}],"replies":[{"embeddable":true,"href":"https:\/\/afie-asso.fr\/index.php\/wp-json\/wp\/v2\/comments?post=48"}],"version-history":[{"count":2,"href":"https:\/\/afie-asso.fr\/index.php\/wp-json\/wp\/v2\/pages\/48\/revisions"}],"predecessor-version":[{"id":495,"href":"https:\/\/afie-asso.fr\/index.php\/wp-json\/wp\/v2\/pages\/48\/revisions\/495"}],"wp:attachment":[{"href":"https:\/\/afie-asso.fr\/index.php\/wp-json\/wp\/v2\/media?parent=48"}],"curies":[{"name":"wp","href":"https:\/\/api.w.org\/{rel}","templated":true}]}}