{"id":428,"date":"2019-07-17T14:07:38","date_gmt":"2019-07-17T12:07:38","guid":{"rendered":"http:\/\/afie-asso.fr\/?page_id=428"},"modified":"2020-06-05T18:20:38","modified_gmt":"2020-06-05T16:20:38","slug":"presence-dans-les-instances","status":"publish","type":"page","link":"https:\/\/afie-asso.fr\/index.php\/actions-de-lafie\/presence-dans-les-instances\/","title":{"rendered":"Pr\u00e9sence dans les Instances"},"content":{"rendered":"\n<div class=\"wp-block-image\"><figure class=\"alignleft size-large is-resized\"><img loading=\"lazy\" decoding=\"async\" src=\"https:\/\/afie-asso.fr\/wp-content\/uploads\/2020\/06\/Missions_01.jpg\" alt=\"\" class=\"wp-image-717\" width=\"349\" height=\"232\" srcset=\"https:\/\/afie-asso.fr\/wp-content\/uploads\/2020\/06\/Missions_01.jpg 848w, https:\/\/afie-asso.fr\/wp-content\/uploads\/2020\/06\/Missions_01-300x200.jpg 300w, https:\/\/afie-asso.fr\/wp-content\/uploads\/2020\/06\/Missions_01-768x512.jpg 768w\" sizes=\"auto, (max-width: 349px) 100vw, 349px\" \/><\/figure><\/div>\n\n\n\n<p>De part la force de son r\u00e9seau en mati\u00e8re de biodiversit\u00e9 et d\u2019\u00e9cologie, l\u2019AFIE est fr\u00e9quemment sollicit\u00e9e pour fournir son expertise au sein de nombreuses commissions strat\u00e9giques et\/ou de jury.<br>Parmi les principales, citons au niveau international l\u2019UICN, et au niveau fran\u00e7ais le Comit\u00e9 National de la Biodiversit\u00e9, qui conseille le Ministre de l\u2019\u00c9cologie (l\u2019AFIE co-pilote entre autres l\u2019une des 4 commissions sp\u00e9cialis\u00e9es),  la Fondation pour la Recherche sur la Biodiversit\u00e9 ou bien encore de Comit\u00e9 Scientifique et Technique des Assises Nationales de la Biodiversit\u00e9.<\/p>\n\n\n\n<p>Vous trouverez ci-dessous la liste des instances auxquelles participe l&rsquo;AFIE.<br>L&rsquo;AFIE peut y \u00eatre repr\u00e9sent\u00e9e aussi bien par l&rsquo;un de ses administrateurs que par l&rsquo;un de ses adh\u00e9rents.<\/p>\n\n\n\n<hr class=\"wp-block-separator\"\/>\n\n\n\n<figure class=\"wp-block-table is-style-stripes\"><table><tbody><tr><td><strong>Organisme \/ Manifestation<\/strong><\/td><td><strong>Type de comit\u00e9 \/ intervention<\/strong><\/td><\/tr><tr><td><strong><em>International<\/em><\/strong><\/td><td><\/td><\/tr><tr><td>Comit\u00e9 fran\u00e7ais de l&rsquo;UICN<\/td><td>CA, GT Adaptation de la gestion des aires prot\u00e9g\u00e9es au changement climatique, GT Entreprises et biodiversit\u00e9, Commission des aires prot\u00e9g\u00e9es, GT Occupation du sol, \u00c9nergies renouvelables et Biodiversit\u00e9, GT Collectivit\u00e9s et biodiversit\u00e9<\/td><\/tr><tr><td>IENE<br>Infra Eco Network Europe sur la pr\u00e9servation de la biodiversit\u00e9 et les infrastructures de transport<\/td><td>GT<\/td><\/tr><tr><td>ENEP<br>European Network of Environmental Professionals <em>(en pause)<\/em><\/td><td>AG<\/td><\/tr><tr><td><strong><em>Politiques publiques<\/em><\/strong><\/td><td><\/td><\/tr><tr><td>CNB<br>Comit\u00e9 National de la Biodiversit\u00e9<\/td><td>CS Politique de la biodiversit\u00e9 et territoire, Co-pilotage de la CS Connaissance de la biodiversit\u00e9, Comit\u00e9 pl\u00e9nier, GT \u00ab\u00a0Artificialisation des sols\u00a0\u00bb <\/td><\/tr><tr><td>Groupe National pour les milieux humides <\/td><td>GT ZH et Urbanisme <\/td><\/tr><tr><td>SNB &#8211; AFB<br>Strat\u00e9gie Nationale pour la Biodiversit\u00e9<\/td><td>Commission d&rsquo;engagement des acteurs (en cours de refonte) <\/td><\/tr><tr><td>Groupe de travail ERC <\/td><td>GT <\/td><\/tr><tr><td><strong><em>R\u00e9seau d&rsquo;acteurs <\/em><\/strong><\/td><td><\/td><\/tr><tr><td>A-IGEco<br>Acteurs de l&rsquo;Ing\u00e9nierie et du G\u00e9nie Ecologiques<\/td><td>CA et AG <\/td><\/tr><tr><td>Comit\u00e9 21 <\/td><td><\/td><\/tr><tr><td>FRB<br>Fondation pour la Recherche sur la Biodiversit\u00e9<\/td><td>COS<\/td><\/tr><tr><td>Id\u00e9al Connaissances <\/td><td><\/td><\/tr><tr><td>REVER <\/td><td><\/td><\/tr><tr><td>SFE\u00b2 <\/td><td><\/td><\/tr><tr><td>Tela Botanica<\/td><td><\/td><\/tr><tr><td><strong><em>Signes de reconnaissance<\/em><\/strong><\/td><td><\/td><\/tr><tr><td>Capitale Fran\u00e7aise de la Biodiversit\u00e9 <\/td><td>Comit\u00e9 d&rsquo;organisation, Jury <\/td><\/tr><tr><td>Eco-jardin <\/td><td>Comit\u00e9 de labellisation <\/td><\/tr><tr><td>Labels Flores locales et messicoles <\/td><td>CT <\/td><\/tr><tr><td>Norme AFNOR <\/td><td>GT  DD-RSE <\/td><\/tr><tr><td>Norme OPIQIBI <\/td><td>GT Qualification Ing\u00e9nierie \u00c9cologique<\/td><\/tr><tr><td>Prix Entreprise pour l&rsquo;Environnement <\/td><td>Jury <\/td><\/tr><tr><td>Prix National du G\u00e9nie Ecologique <\/td><td>Jury <\/td><\/tr><tr><td>YNHSM<br>Young Natural History Scientists Meeting<\/td><td>Jury <\/td><\/tr><tr><td><strong><em>Ev\u00e8nements<\/em><\/strong><\/td><td><\/td><\/tr><tr><td>ANB<br>Assises Nationales de la Biodiversit\u00e9<\/td><td>CST, Comit\u00e9 des partenaires, Comit\u00e9 d&rsquo;organisation <\/td><\/tr><tr><td>Colloque REVER<\/td><td>Comit\u00e9 scientifique<\/td><\/tr><tr><td>Forum Biodiversit\u00e9 et Economie<\/td><td>Comit\u00e9 d&rsquo;organisation <\/td><\/tr><tr><td>Pollutec <\/td><td>Comit\u00e9 d&rsquo;organisation du Village G\u00e9nie \u00c9cologique<\/td><\/tr><tr><td>Salon de l\u2019Ecologie <\/td><td>Partenaire <\/td><\/tr><tr><td><strong><em>Publications scientifiques et techniques<\/em><\/strong><\/td><td><\/td><\/tr><tr><td>Revue Espaces Naturels <\/td><td>Comit\u00e9 \u00e9ditorial <\/td><\/tr><tr><td>R\u00e8gles Professionnelles du G\u00e9nie Ecologique <\/td><td>Comit\u00e9 de r\u00e9daction <\/td><\/tr><tr><td><\/td><td><\/td><\/tr><\/tbody><\/table><\/figure>\n","protected":false},"excerpt":{"rendered":"<p>De part la force de son r\u00e9seau en mati\u00e8re de biodiversit\u00e9 et d\u2019\u00e9cologie, l\u2019AFIE est fr\u00e9quemment sollicit\u00e9e pour fournir son expertise au sein de nombreuses commissions strat\u00e9giques et\/ou de jury.Parmi les principales, citons au niveau international l\u2019UICN, et au niveau fran\u00e7ais le Comit\u00e9 National de la Biodiversit\u00e9, qui conseille le Ministre de l\u2019\u00c9cologie (l\u2019AFIE co-pilote [&hellip;]<\/p>\n","protected":false},"author":1,"featured_media":0,"parent":26,"menu_order":2,"comment_status":"closed","ping_status":"closed","template":"","meta":{"footnotes":""},"class_list":["post-428","page","type-page","status-publish","hentry"],"yoast_head":"<!-- This site is optimized with the Yoast SEO plugin v27.3 - https:\/\/yoast.com\/product\/yoast-seo-wordpress\/ -->\n<title>Pr\u00e9sence dans les Instances - AFIE<\/title>\n<meta name=\"robots\" content=\"index, follow, max-snippet:-1, max-image-preview:large, max-video-preview:-1\" \/>\n<link rel=\"canonical\" href=\"https:\/\/afie-asso.fr\/index.php\/actions-de-lafie\/presence-dans-les-instances\/\" \/>\n<meta property=\"og:locale\" content=\"fr_FR\" \/>\n<meta property=\"og:type\" content=\"article\" \/>\n<meta property=\"og:title\" content=\"Pr\u00e9sence dans les Instances - AFIE\" \/>\n<meta property=\"og:description\" content=\"De part la force de son r\u00e9seau en mati\u00e8re de biodiversit\u00e9 et d\u2019\u00e9cologie, l\u2019AFIE est fr\u00e9quemment sollicit\u00e9e pour fournir son expertise au sein de nombreuses commissions strat\u00e9giques et\/ou de jury.Parmi les principales, citons au niveau international l\u2019UICN, et au niveau fran\u00e7ais le Comit\u00e9 National de la Biodiversit\u00e9, qui conseille le Ministre de l\u2019\u00c9cologie (l\u2019AFIE co-pilote [&hellip;]\" \/>\n<meta property=\"og:url\" content=\"https:\/\/afie-asso.fr\/index.php\/actions-de-lafie\/presence-dans-les-instances\/\" \/>\n<meta property=\"og:site_name\" content=\"AFIE\" \/>\n<meta property=\"article:modified_time\" content=\"2020-06-05T16:20:38+00:00\" \/>\n<meta property=\"og:image\" content=\"http:\/\/afie-asso.fr\/wp-content\/uploads\/2020\/06\/Missions_01.jpg\" \/>\n<meta name=\"twitter:card\" content=\"summary_large_image\" \/>\n<meta name=\"twitter:label1\" content=\"Dur\u00e9e de lecture estim\u00e9e\" \/>\n\t<meta name=\"twitter:data1\" content=\"2 minutes\" \/>\n<script type=\"application\/ld+json\" class=\"yoast-schema-graph\">{\"@context\":\"https:\\\/\\\/schema.org\",\"@graph\":[{\"@type\":\"WebPage\",\"@id\":\"https:\\\/\\\/afie-asso.fr\\\/index.php\\\/actions-de-lafie\\\/presence-dans-les-instances\\\/\",\"url\":\"https:\\\/\\\/afie-asso.fr\\\/index.php\\\/actions-de-lafie\\\/presence-dans-les-instances\\\/\",\"name\":\"Pr\u00e9sence dans les Instances - AFIE\",\"isPartOf\":{\"@id\":\"https:\\\/\\\/afie-asso.fr\\\/#website\"},\"primaryImageOfPage\":{\"@id\":\"https:\\\/\\\/afie-asso.fr\\\/index.php\\\/actions-de-lafie\\\/presence-dans-les-instances\\\/#primaryimage\"},\"image\":{\"@id\":\"https:\\\/\\\/afie-asso.fr\\\/index.php\\\/actions-de-lafie\\\/presence-dans-les-instances\\\/#primaryimage\"},\"thumbnailUrl\":\"http:\\\/\\\/afie-asso.fr\\\/wp-content\\\/uploads\\\/2020\\\/06\\\/Missions_01.jpg\",\"datePublished\":\"2019-07-17T12:07:38+00:00\",\"dateModified\":\"2020-06-05T16:20:38+00:00\",\"breadcrumb\":{\"@id\":\"https:\\\/\\\/afie-asso.fr\\\/index.php\\\/actions-de-lafie\\\/presence-dans-les-instances\\\/#breadcrumb\"},\"inLanguage\":\"fr-FR\",\"potentialAction\":[{\"@type\":\"ReadAction\",\"target\":[\"https:\\\/\\\/afie-asso.fr\\\/index.php\\\/actions-de-lafie\\\/presence-dans-les-instances\\\/\"]}]},{\"@type\":\"ImageObject\",\"inLanguage\":\"fr-FR\",\"@id\":\"https:\\\/\\\/afie-asso.fr\\\/index.php\\\/actions-de-lafie\\\/presence-dans-les-instances\\\/#primaryimage\",\"url\":\"http:\\\/\\\/afie-asso.fr\\\/wp-content\\\/uploads\\\/2020\\\/06\\\/Missions_01.jpg\",\"contentUrl\":\"http:\\\/\\\/afie-asso.fr\\\/wp-content\\\/uploads\\\/2020\\\/06\\\/Missions_01.jpg\"},{\"@type\":\"BreadcrumbList\",\"@id\":\"https:\\\/\\\/afie-asso.fr\\\/index.php\\\/actions-de-lafie\\\/presence-dans-les-instances\\\/#breadcrumb\",\"itemListElement\":[{\"@type\":\"ListItem\",\"position\":1,\"name\":\"Accueil\",\"item\":\"https:\\\/\\\/afie-asso.fr\\\/\"},{\"@type\":\"ListItem\",\"position\":2,\"name\":\"Actions de l&rsquo;AFIE\",\"item\":\"https:\\\/\\\/afie-asso.fr\\\/index.php\\\/actions-de-lafie\\\/\"},{\"@type\":\"ListItem\",\"position\":3,\"name\":\"Pr\u00e9sence dans les Instances\"}]},{\"@type\":\"WebSite\",\"@id\":\"https:\\\/\\\/afie-asso.fr\\\/#website\",\"url\":\"https:\\\/\\\/afie-asso.fr\\\/\",\"name\":\"AFIE\",\"description\":\"Association Fran\u00e7aise Interprofessionnelle des Ecologues\",\"publisher\":{\"@id\":\"https:\\\/\\\/afie-asso.fr\\\/#organization\"},\"potentialAction\":[{\"@type\":\"SearchAction\",\"target\":{\"@type\":\"EntryPoint\",\"urlTemplate\":\"https:\\\/\\\/afie-asso.fr\\\/?s={search_term_string}\"},\"query-input\":{\"@type\":\"PropertyValueSpecification\",\"valueRequired\":true,\"valueName\":\"search_term_string\"}}],\"inLanguage\":\"fr-FR\"},{\"@type\":\"Organization\",\"@id\":\"https:\\\/\\\/afie-asso.fr\\\/#organization\",\"name\":\"AFIE\",\"url\":\"https:\\\/\\\/afie-asso.fr\\\/\",\"logo\":{\"@type\":\"ImageObject\",\"inLanguage\":\"fr-FR\",\"@id\":\"https:\\\/\\\/afie-asso.fr\\\/#\\\/schema\\\/logo\\\/image\\\/\",\"url\":\"https:\\\/\\\/afie-asso.fr\\\/wp-content\\\/uploads\\\/2019\\\/05\\\/cropped-logo-AFIE-3.png\",\"contentUrl\":\"https:\\\/\\\/afie-asso.fr\\\/wp-content\\\/uploads\\\/2019\\\/05\\\/cropped-logo-AFIE-3.png\",\"width\":555,\"height\":459,\"caption\":\"AFIE\"},\"image\":{\"@id\":\"https:\\\/\\\/afie-asso.fr\\\/#\\\/schema\\\/logo\\\/image\\\/\"}}]}<\/script>\n<!-- \/ Yoast SEO plugin. -->","yoast_head_json":{"title":"Pr\u00e9sence dans les Instances - AFIE","robots":{"index":"index","follow":"follow","max-snippet":"max-snippet:-1","max-image-preview":"max-image-preview:large","max-video-preview":"max-video-preview:-1"},"canonical":"https:\/\/afie-asso.fr\/index.php\/actions-de-lafie\/presence-dans-les-instances\/","og_locale":"fr_FR","og_type":"article","og_title":"Pr\u00e9sence dans les Instances - AFIE","og_description":"De part la force de son r\u00e9seau en mati\u00e8re de biodiversit\u00e9 et d\u2019\u00e9cologie, l\u2019AFIE est fr\u00e9quemment sollicit\u00e9e pour fournir son expertise au sein de nombreuses commissions strat\u00e9giques et\/ou de jury.Parmi les principales, citons au niveau international l\u2019UICN, et au niveau fran\u00e7ais le Comit\u00e9 National de la Biodiversit\u00e9, qui conseille le Ministre de l\u2019\u00c9cologie (l\u2019AFIE co-pilote [&hellip;]","og_url":"https:\/\/afie-asso.fr\/index.php\/actions-de-lafie\/presence-dans-les-instances\/","og_site_name":"AFIE","article_modified_time":"2020-06-05T16:20:38+00:00","og_image":[{"url":"http:\/\/afie-asso.fr\/wp-content\/uploads\/2020\/06\/Missions_01.jpg","type":"","width":"","height":""}],"twitter_card":"summary_large_image","twitter_misc":{"Dur\u00e9e de lecture estim\u00e9e":"2 minutes"},"schema":{"@context":"https:\/\/schema.org","@graph":[{"@type":"WebPage","@id":"https:\/\/afie-asso.fr\/index.php\/actions-de-lafie\/presence-dans-les-instances\/","url":"https:\/\/afie-asso.fr\/index.php\/actions-de-lafie\/presence-dans-les-instances\/","name":"Pr\u00e9sence dans les Instances - AFIE","isPartOf":{"@id":"https:\/\/afie-asso.fr\/#website"},"primaryImageOfPage":{"@id":"https:\/\/afie-asso.fr\/index.php\/actions-de-lafie\/presence-dans-les-instances\/#primaryimage"},"image":{"@id":"https:\/\/afie-asso.fr\/index.php\/actions-de-lafie\/presence-dans-les-instances\/#primaryimage"},"thumbnailUrl":"http:\/\/afie-asso.fr\/wp-content\/uploads\/2020\/06\/Missions_01.jpg","datePublished":"2019-07-17T12:07:38+00:00","dateModified":"2020-06-05T16:20:38+00:00","breadcrumb":{"@id":"https:\/\/afie-asso.fr\/index.php\/actions-de-lafie\/presence-dans-les-instances\/#breadcrumb"},"inLanguage":"fr-FR","potentialAction":[{"@type":"ReadAction","target":["https:\/\/afie-asso.fr\/index.php\/actions-de-lafie\/presence-dans-les-instances\/"]}]},{"@type":"ImageObject","inLanguage":"fr-FR","@id":"https:\/\/afie-asso.fr\/index.php\/actions-de-lafie\/presence-dans-les-instances\/#primaryimage","url":"http:\/\/afie-asso.fr\/wp-content\/uploads\/2020\/06\/Missions_01.jpg","contentUrl":"http:\/\/afie-asso.fr\/wp-content\/uploads\/2020\/06\/Missions_01.jpg"},{"@type":"BreadcrumbList","@id":"https:\/\/afie-asso.fr\/index.php\/actions-de-lafie\/presence-dans-les-instances\/#breadcrumb","itemListElement":[{"@type":"ListItem","position":1,"name":"Accueil","item":"https:\/\/afie-asso.fr\/"},{"@type":"ListItem","position":2,"name":"Actions de l&rsquo;AFIE","item":"https:\/\/afie-asso.fr\/index.php\/actions-de-lafie\/"},{"@type":"ListItem","position":3,"name":"Pr\u00e9sence dans les Instances"}]},{"@type":"WebSite","@id":"https:\/\/afie-asso.fr\/#website","url":"https:\/\/afie-asso.fr\/","name":"AFIE","description":"Association Fran\u00e7aise Interprofessionnelle des Ecologues","publisher":{"@id":"https:\/\/afie-asso.fr\/#organization"},"potentialAction":[{"@type":"SearchAction","target":{"@type":"EntryPoint","urlTemplate":"https:\/\/afie-asso.fr\/?s={search_term_string}"},"query-input":{"@type":"PropertyValueSpecification","valueRequired":true,"valueName":"search_term_string"}}],"inLanguage":"fr-FR"},{"@type":"Organization","@id":"https:\/\/afie-asso.fr\/#organization","name":"AFIE","url":"https:\/\/afie-asso.fr\/","logo":{"@type":"ImageObject","inLanguage":"fr-FR","@id":"https:\/\/afie-asso.fr\/#\/schema\/logo\/image\/","url":"https:\/\/afie-asso.fr\/wp-content\/uploads\/2019\/05\/cropped-logo-AFIE-3.png","contentUrl":"https:\/\/afie-asso.fr\/wp-content\/uploads\/2019\/05\/cropped-logo-AFIE-3.png","width":555,"height":459,"caption":"AFIE"},"image":{"@id":"https:\/\/afie-asso.fr\/#\/schema\/logo\/image\/"}}]}},"rttpg_featured_image_url":null,"rttpg_author":{"display_name":"M\u00e9lanie","author_link":"https:\/\/afie-asso.fr\/index.php\/author\/admin6654\/"},"rttpg_comment":0,"rttpg_category":null,"rttpg_excerpt":"De part la force de son r\u00e9seau en mati\u00e8re de biodiversit\u00e9 et d\u2019\u00e9cologie, l\u2019AFIE est fr\u00e9quemment sollicit\u00e9e pour fournir son expertise au sein de nombreuses commissions strat\u00e9giques et\/ou de jury.Parmi les principales, citons au niveau international l\u2019UICN, et au niveau fran\u00e7ais le Comit\u00e9 National de la Biodiversit\u00e9, qui conseille le Ministre de l\u2019\u00c9cologie (l\u2019AFIE co-pilote\u2026","_links":{"self":[{"href":"https:\/\/afie-asso.fr\/index.php\/wp-json\/wp\/v2\/pages\/428","targetHints":{"allow":["GET"]}}],"collection":[{"href":"https:\/\/afie-asso.fr\/index.php\/wp-json\/wp\/v2\/pages"}],"about":[{"href":"https:\/\/afie-asso.fr\/index.php\/wp-json\/wp\/v2\/types\/page"}],"author":[{"embeddable":true,"href":"https:\/\/afie-asso.fr\/index.php\/wp-json\/wp\/v2\/users\/1"}],"replies":[{"embeddable":true,"href":"https:\/\/afie-asso.fr\/index.php\/wp-json\/wp\/v2\/comments?post=428"}],"version-history":[{"count":21,"href":"https:\/\/afie-asso.fr\/index.php\/wp-json\/wp\/v2\/pages\/428\/revisions"}],"predecessor-version":[{"id":784,"href":"https:\/\/afie-asso.fr\/index.php\/wp-json\/wp\/v2\/pages\/428\/revisions\/784"}],"up":[{"embeddable":true,"href":"https:\/\/afie-asso.fr\/index.php\/wp-json\/wp\/v2\/pages\/26"}],"wp:attachment":[{"href":"https:\/\/afie-asso.fr\/index.php\/wp-json\/wp\/v2\/media?parent=428"}],"curies":[{"name":"wp","href":"https:\/\/api.w.org\/{rel}","templated":true}]}}