{"id":13,"date":"2019-05-07T16:10:22","date_gmt":"2019-05-07T14:10:22","guid":{"rendered":"http:\/\/afie-asso.fr\/?page_id=13"},"modified":"2021-10-07T21:05:09","modified_gmt":"2021-10-07T19:05:09","slug":"code-de-deontologie-statuts-et-reglement-interieur","status":"publish","type":"page","link":"https:\/\/afie-asso.fr\/index.php\/presentation-de-lafie\/code-de-deontologie-statuts-et-reglement-interieur\/","title":{"rendered":"Code de d\u00e9ontologie, statuts et r\u00e8glement int\u00e9rieur"},"content":{"rendered":"\n<h2 class=\"wp-block-heading\">Statuts de l&rsquo;AFIE<\/h2>\n\n\n\n<p>Les statuts de l&rsquo;AFIE ont \u00e9t\u00e9 r\u00e9vis\u00e9s et vot\u00e9s en assembl\u00e9e g\u00e9n\u00e9rale extraordinaire\u00a0le\u00a07 octobre 2021.<\/p>\n\n\n\n<div class=\"wp-block-file\"><a href=\"https:\/\/afie-asso.fr\/wp-content\/uploads\/2021\/10\/Statuts-de-lAFIE.pdf\" target=\"_blank\" rel=\"noreferrer noopener\">Statuts de l&rsquo;AFIE<\/a><a href=\"https:\/\/afie-asso.fr\/wp-content\/uploads\/2021\/10\/Statuts-de-lAFIE.pdf\" class=\"wp-block-file__button\" download>T\u00e9l\u00e9charger<\/a><\/div>\n\n\n\n<h2 class=\"wp-block-heading\">Code de d\u00e9ontologie<\/h2>\n\n\n\n<p>L\u2019imp\u00e9rieuse n\u00e9cessit\u00e9 de prot\u00e9ger et de mieux g\u00e9rer notre milieu de vie s\u2019est clairement manifest\u00e9e par le vote des lois des 10 et 19 juillet 1976 relatives \u00e0 la Protection de la Nature et aux Installations class\u00e9es pour la Protection de l\u2019Environnement. L\u2019application de ces textes suppose que soient organis\u00e9es, reconnues et utilis\u00e9es non seulement les structures administratives adapt\u00e9es, mais aussi les comp\u00e9tences n\u00e9cessaires. <\/p>\n\n\n\n<p>L\u2019existence de l\u2019Association Fran\u00e7aise Interprofessionnelle des Ecologues constitue d\u00e9j\u00e0 un important progr\u00e8s dans l\u2019organisation de l\u2019une des professions de l\u2019environnement. Mais compte tenu du caract\u00e8re socio-politique et de l\u2019int\u00e9r\u00eat g\u00e9n\u00e9ral des domaines d\u2019intervention de l\u2019Environnement, une telle organisation ne peut pas \u00eatre \u00e0 elle seule, une garantie de comp\u00e9tence et de rigueur.<\/p>\n\n\n\n<p>Pourtant, les sp\u00e9cialistes de l\u2019Environnement soutiennent des positions scientifiques et techniques ind\u00e9pendantes de toutes autres consid\u00e9rations. Ils doivent pouvoir exercer leur profession avec toutes les garanties d\u2019objectivit\u00e9, de qualit\u00e9 et de confort moral et mat\u00e9riel. Une d\u00e9ontologie pr\u00e9cisant les limites de leurs actions est donc n\u00e9cessaire.<\/p>\n\n\n\n<p>Le Code de D\u00e9ontologie propos\u00e9 par l\u2019Association Fran\u00e7aise Interprofessionnelle des Ecologues peut constituer une r\u00e9f\u00e9rence pour toutes les professions de l\u2019Environnement. Tous les Ecologues, membres de l\u2019association, s\u2019engagent \u00e0 respecter et \u00e0 appliquer les devoirs qu\u2019il impose \u00e0 l\u2019exercice de leur profession.<\/p>\n\n\n\n<p>L\u2019 Association Fran\u00e7aise Interprofessionnelle des Ecologues est une association Loi 1901 (J.O. du 18 d\u00e9cembre 1979) dont le but est de r\u00e9unir les Ecologues afin d\u2019obtenir la reconnaissance de leur profession et de leur utilit\u00e9 dans le cadre des processus d\u2019am\u00e9nagement du territoire. Les Ecologues estiment, en effet, que la participation de professionnels comp\u00e9tents \u00e0 tous les niveaux d\u2019\u00e9laboration, de d\u00e9cision et de r\u00e9alisation, est l\u2019un des moyens qui permettra d\u2019obtenir une r\u00e9elle prise en compte des lois fondamentales de l\u2019\u00c9cologie dans l\u2019Am\u00e9nagement de notre Environnement. <\/p>\n\n\n\n<div class=\"wp-block-file\"><a href=\"https:\/\/afie-asso.fr\/wp-content\/uploads\/2019\/07\/AFIE_Code_deontologie.pdf\">Code de d\u00e9ontologie de l&rsquo;AFIE<\/a><a href=\"https:\/\/afie-asso.fr\/wp-content\/uploads\/2019\/07\/AFIE_Code_deontologie.pdf\" class=\"wp-block-file__button\" download>T\u00e9l\u00e9charger<\/a><\/div>\n\n\n\n<h2 class=\"wp-block-heading\">R\u00e8glement int\u00e9rieur de l&rsquo;AFIE<\/h2>\n\n\n\n<p>Retrouvez ci-dessous le r\u00e8glement int\u00e9rieur de l&rsquo;AFIE.<\/p>\n\n\n\n<p><em>(nb : Suite \u00e0 la r\u00e9vision des statuts, vot\u00e9e le 7 octobre 2021 en assembl\u00e9e g\u00e9n\u00e9rale extraordinaire, le r\u00e8glement fera prochainement l&rsquo;objet d&rsquo;une mise \u00e0 jour)<\/em><\/p>\n\n\n\n<div class=\"wp-block-file\"><a href=\"https:\/\/afie-asso.fr\/wp-content\/uploads\/2019\/07\/AFIE_Reglement_interieur_2015.pdf\">R\u00e8glement int\u00e9rieur de l&rsquo;AFIE<\/a><a href=\"https:\/\/afie-asso.fr\/wp-content\/uploads\/2019\/07\/AFIE_Reglement_interieur_2015.pdf\" class=\"wp-block-file__button\" download>T\u00e9l\u00e9charger<\/a><\/div>\n","protected":false},"excerpt":{"rendered":"<p>Statuts de l&rsquo;AFIE Les statuts de l&rsquo;AFIE ont \u00e9t\u00e9 r\u00e9vis\u00e9s et vot\u00e9s en assembl\u00e9e g\u00e9n\u00e9rale extraordinaire\u00a0le\u00a07 octobre 2021. Code de d\u00e9ontologie L\u2019imp\u00e9rieuse n\u00e9cessit\u00e9 de prot\u00e9ger et de mieux g\u00e9rer notre milieu de vie s\u2019est clairement manifest\u00e9e par le vote des lois des 10 et 19 juillet 1976 relatives \u00e0 la Protection de la Nature et [&hellip;]<\/p>\n","protected":false},"author":1,"featured_media":0,"parent":23,"menu_order":3,"comment_status":"closed","ping_status":"closed","template":"","meta":{"footnotes":""},"class_list":["post-13","page","type-page","status-publish","hentry"],"yoast_head":"<!-- This site is optimized with the Yoast SEO plugin v27.3 - https:\/\/yoast.com\/product\/yoast-seo-wordpress\/ -->\n<title>Code de d\u00e9ontologie, statuts et r\u00e8glement int\u00e9rieur - AFIE<\/title>\n<meta name=\"robots\" content=\"index, follow, max-snippet:-1, max-image-preview:large, max-video-preview:-1\" \/>\n<link rel=\"canonical\" href=\"https:\/\/afie-asso.fr\/index.php\/presentation-de-lafie\/code-de-deontologie-statuts-et-reglement-interieur\/\" \/>\n<meta property=\"og:locale\" content=\"fr_FR\" \/>\n<meta property=\"og:type\" content=\"article\" \/>\n<meta property=\"og:title\" content=\"Code de d\u00e9ontologie, statuts et r\u00e8glement int\u00e9rieur - AFIE\" \/>\n<meta property=\"og:description\" content=\"Statuts de l&rsquo;AFIE Les statuts de l&rsquo;AFIE ont \u00e9t\u00e9 r\u00e9vis\u00e9s et vot\u00e9s en assembl\u00e9e g\u00e9n\u00e9rale extraordinaire\u00a0le\u00a07 octobre 2021. Code de d\u00e9ontologie L\u2019imp\u00e9rieuse n\u00e9cessit\u00e9 de prot\u00e9ger et de mieux g\u00e9rer notre milieu de vie s\u2019est clairement manifest\u00e9e par le vote des lois des 10 et 19 juillet 1976 relatives \u00e0 la Protection de la Nature et [&hellip;]\" \/>\n<meta property=\"og:url\" content=\"https:\/\/afie-asso.fr\/index.php\/presentation-de-lafie\/code-de-deontologie-statuts-et-reglement-interieur\/\" \/>\n<meta property=\"og:site_name\" content=\"AFIE\" \/>\n<meta property=\"article:modified_time\" content=\"2021-10-07T19:05:09+00:00\" \/>\n<meta name=\"twitter:card\" content=\"summary_large_image\" \/>\n<meta name=\"twitter:label1\" content=\"Dur\u00e9e de lecture estim\u00e9e\" \/>\n\t<meta name=\"twitter:data1\" content=\"2 minutes\" \/>\n<script type=\"application\/ld+json\" class=\"yoast-schema-graph\">{\"@context\":\"https:\\\/\\\/schema.org\",\"@graph\":[{\"@type\":\"WebPage\",\"@id\":\"https:\\\/\\\/afie-asso.fr\\\/index.php\\\/presentation-de-lafie\\\/code-de-deontologie-statuts-et-reglement-interieur\\\/\",\"url\":\"https:\\\/\\\/afie-asso.fr\\\/index.php\\\/presentation-de-lafie\\\/code-de-deontologie-statuts-et-reglement-interieur\\\/\",\"name\":\"Code de d\u00e9ontologie, statuts et r\u00e8glement int\u00e9rieur - AFIE\",\"isPartOf\":{\"@id\":\"https:\\\/\\\/afie-asso.fr\\\/#website\"},\"datePublished\":\"2019-05-07T14:10:22+00:00\",\"dateModified\":\"2021-10-07T19:05:09+00:00\",\"breadcrumb\":{\"@id\":\"https:\\\/\\\/afie-asso.fr\\\/index.php\\\/presentation-de-lafie\\\/code-de-deontologie-statuts-et-reglement-interieur\\\/#breadcrumb\"},\"inLanguage\":\"fr-FR\",\"potentialAction\":[{\"@type\":\"ReadAction\",\"target\":[\"https:\\\/\\\/afie-asso.fr\\\/index.php\\\/presentation-de-lafie\\\/code-de-deontologie-statuts-et-reglement-interieur\\\/\"]}]},{\"@type\":\"BreadcrumbList\",\"@id\":\"https:\\\/\\\/afie-asso.fr\\\/index.php\\\/presentation-de-lafie\\\/code-de-deontologie-statuts-et-reglement-interieur\\\/#breadcrumb\",\"itemListElement\":[{\"@type\":\"ListItem\",\"position\":1,\"name\":\"Accueil\",\"item\":\"https:\\\/\\\/afie-asso.fr\\\/\"},{\"@type\":\"ListItem\",\"position\":2,\"name\":\"Pr\u00e9sentation de l&rsquo;AFIE\",\"item\":\"https:\\\/\\\/afie-asso.fr\\\/index.php\\\/presentation-de-lafie\\\/\"},{\"@type\":\"ListItem\",\"position\":3,\"name\":\"Code de d\u00e9ontologie, statuts et r\u00e8glement int\u00e9rieur\"}]},{\"@type\":\"WebSite\",\"@id\":\"https:\\\/\\\/afie-asso.fr\\\/#website\",\"url\":\"https:\\\/\\\/afie-asso.fr\\\/\",\"name\":\"AFIE\",\"description\":\"Association Fran\u00e7aise Interprofessionnelle des Ecologues\",\"publisher\":{\"@id\":\"https:\\\/\\\/afie-asso.fr\\\/#organization\"},\"potentialAction\":[{\"@type\":\"SearchAction\",\"target\":{\"@type\":\"EntryPoint\",\"urlTemplate\":\"https:\\\/\\\/afie-asso.fr\\\/?s={search_term_string}\"},\"query-input\":{\"@type\":\"PropertyValueSpecification\",\"valueRequired\":true,\"valueName\":\"search_term_string\"}}],\"inLanguage\":\"fr-FR\"},{\"@type\":\"Organization\",\"@id\":\"https:\\\/\\\/afie-asso.fr\\\/#organization\",\"name\":\"AFIE\",\"url\":\"https:\\\/\\\/afie-asso.fr\\\/\",\"logo\":{\"@type\":\"ImageObject\",\"inLanguage\":\"fr-FR\",\"@id\":\"https:\\\/\\\/afie-asso.fr\\\/#\\\/schema\\\/logo\\\/image\\\/\",\"url\":\"https:\\\/\\\/afie-asso.fr\\\/wp-content\\\/uploads\\\/2019\\\/05\\\/cropped-logo-AFIE-3.png\",\"contentUrl\":\"https:\\\/\\\/afie-asso.fr\\\/wp-content\\\/uploads\\\/2019\\\/05\\\/cropped-logo-AFIE-3.png\",\"width\":555,\"height\":459,\"caption\":\"AFIE\"},\"image\":{\"@id\":\"https:\\\/\\\/afie-asso.fr\\\/#\\\/schema\\\/logo\\\/image\\\/\"}}]}<\/script>\n<!-- \/ Yoast SEO plugin. -->","yoast_head_json":{"title":"Code de d\u00e9ontologie, statuts et r\u00e8glement int\u00e9rieur - AFIE","robots":{"index":"index","follow":"follow","max-snippet":"max-snippet:-1","max-image-preview":"max-image-preview:large","max-video-preview":"max-video-preview:-1"},"canonical":"https:\/\/afie-asso.fr\/index.php\/presentation-de-lafie\/code-de-deontologie-statuts-et-reglement-interieur\/","og_locale":"fr_FR","og_type":"article","og_title":"Code de d\u00e9ontologie, statuts et r\u00e8glement int\u00e9rieur - AFIE","og_description":"Statuts de l&rsquo;AFIE Les statuts de l&rsquo;AFIE ont \u00e9t\u00e9 r\u00e9vis\u00e9s et vot\u00e9s en assembl\u00e9e g\u00e9n\u00e9rale extraordinaire\u00a0le\u00a07 octobre 2021. Code de d\u00e9ontologie L\u2019imp\u00e9rieuse n\u00e9cessit\u00e9 de prot\u00e9ger et de mieux g\u00e9rer notre milieu de vie s\u2019est clairement manifest\u00e9e par le vote des lois des 10 et 19 juillet 1976 relatives \u00e0 la Protection de la Nature et [&hellip;]","og_url":"https:\/\/afie-asso.fr\/index.php\/presentation-de-lafie\/code-de-deontologie-statuts-et-reglement-interieur\/","og_site_name":"AFIE","article_modified_time":"2021-10-07T19:05:09+00:00","twitter_card":"summary_large_image","twitter_misc":{"Dur\u00e9e de lecture estim\u00e9e":"2 minutes"},"schema":{"@context":"https:\/\/schema.org","@graph":[{"@type":"WebPage","@id":"https:\/\/afie-asso.fr\/index.php\/presentation-de-lafie\/code-de-deontologie-statuts-et-reglement-interieur\/","url":"https:\/\/afie-asso.fr\/index.php\/presentation-de-lafie\/code-de-deontologie-statuts-et-reglement-interieur\/","name":"Code de d\u00e9ontologie, statuts et r\u00e8glement int\u00e9rieur - AFIE","isPartOf":{"@id":"https:\/\/afie-asso.fr\/#website"},"datePublished":"2019-05-07T14:10:22+00:00","dateModified":"2021-10-07T19:05:09+00:00","breadcrumb":{"@id":"https:\/\/afie-asso.fr\/index.php\/presentation-de-lafie\/code-de-deontologie-statuts-et-reglement-interieur\/#breadcrumb"},"inLanguage":"fr-FR","potentialAction":[{"@type":"ReadAction","target":["https:\/\/afie-asso.fr\/index.php\/presentation-de-lafie\/code-de-deontologie-statuts-et-reglement-interieur\/"]}]},{"@type":"BreadcrumbList","@id":"https:\/\/afie-asso.fr\/index.php\/presentation-de-lafie\/code-de-deontologie-statuts-et-reglement-interieur\/#breadcrumb","itemListElement":[{"@type":"ListItem","position":1,"name":"Accueil","item":"https:\/\/afie-asso.fr\/"},{"@type":"ListItem","position":2,"name":"Pr\u00e9sentation de l&rsquo;AFIE","item":"https:\/\/afie-asso.fr\/index.php\/presentation-de-lafie\/"},{"@type":"ListItem","position":3,"name":"Code de d\u00e9ontologie, statuts et r\u00e8glement int\u00e9rieur"}]},{"@type":"WebSite","@id":"https:\/\/afie-asso.fr\/#website","url":"https:\/\/afie-asso.fr\/","name":"AFIE","description":"Association Fran\u00e7aise Interprofessionnelle des Ecologues","publisher":{"@id":"https:\/\/afie-asso.fr\/#organization"},"potentialAction":[{"@type":"SearchAction","target":{"@type":"EntryPoint","urlTemplate":"https:\/\/afie-asso.fr\/?s={search_term_string}"},"query-input":{"@type":"PropertyValueSpecification","valueRequired":true,"valueName":"search_term_string"}}],"inLanguage":"fr-FR"},{"@type":"Organization","@id":"https:\/\/afie-asso.fr\/#organization","name":"AFIE","url":"https:\/\/afie-asso.fr\/","logo":{"@type":"ImageObject","inLanguage":"fr-FR","@id":"https:\/\/afie-asso.fr\/#\/schema\/logo\/image\/","url":"https:\/\/afie-asso.fr\/wp-content\/uploads\/2019\/05\/cropped-logo-AFIE-3.png","contentUrl":"https:\/\/afie-asso.fr\/wp-content\/uploads\/2019\/05\/cropped-logo-AFIE-3.png","width":555,"height":459,"caption":"AFIE"},"image":{"@id":"https:\/\/afie-asso.fr\/#\/schema\/logo\/image\/"}}]}},"rttpg_featured_image_url":null,"rttpg_author":{"display_name":"M\u00e9lanie","author_link":"https:\/\/afie-asso.fr\/index.php\/author\/admin6654\/"},"rttpg_comment":0,"rttpg_category":null,"rttpg_excerpt":"Statuts de l&rsquo;AFIE Les statuts de l&rsquo;AFIE ont \u00e9t\u00e9 r\u00e9vis\u00e9s et vot\u00e9s en assembl\u00e9e g\u00e9n\u00e9rale extraordinaire\u00a0le\u00a07 octobre 2021. Code de d\u00e9ontologie L\u2019imp\u00e9rieuse n\u00e9cessit\u00e9 de prot\u00e9ger et de mieux g\u00e9rer notre milieu de vie s\u2019est clairement manifest\u00e9e par le vote des lois des 10 et 19 juillet 1976 relatives \u00e0 la Protection de la Nature et\u2026","_links":{"self":[{"href":"https:\/\/afie-asso.fr\/index.php\/wp-json\/wp\/v2\/pages\/13","targetHints":{"allow":["GET"]}}],"collection":[{"href":"https:\/\/afie-asso.fr\/index.php\/wp-json\/wp\/v2\/pages"}],"about":[{"href":"https:\/\/afie-asso.fr\/index.php\/wp-json\/wp\/v2\/types\/page"}],"author":[{"embeddable":true,"href":"https:\/\/afie-asso.fr\/index.php\/wp-json\/wp\/v2\/users\/1"}],"replies":[{"embeddable":true,"href":"https:\/\/afie-asso.fr\/index.php\/wp-json\/wp\/v2\/comments?post=13"}],"version-history":[{"count":5,"href":"https:\/\/afie-asso.fr\/index.php\/wp-json\/wp\/v2\/pages\/13\/revisions"}],"predecessor-version":[{"id":1251,"href":"https:\/\/afie-asso.fr\/index.php\/wp-json\/wp\/v2\/pages\/13\/revisions\/1251"}],"up":[{"embeddable":true,"href":"https:\/\/afie-asso.fr\/index.php\/wp-json\/wp\/v2\/pages\/23"}],"wp:attachment":[{"href":"https:\/\/afie-asso.fr\/index.php\/wp-json\/wp\/v2\/media?parent=13"}],"curies":[{"name":"wp","href":"https:\/\/api.w.org\/{rel}","templated":true}]}}